{"id":1829,"date":"2020-09-11T13:24:07","date_gmt":"2020-09-11T16:24:07","guid":{"rendered":"http:\/\/campospontes.adv.br\/?page_id=1829"},"modified":"2020-09-12T14:33:39","modified_gmt":"2020-09-12T17:33:39","slug":"codigo-de-etica","status":"publish","type":"page","link":"http:\/\/campospontes.adv.br\/en\/codigo-de-etica\/","title":{"rendered":"C\u00d3DIGO DE \u00c9TICA"},"content":{"rendered":"<div data-elementor-type=\"wp-page\" data-elementor-id=\"1829\" class=\"elementor elementor-1829\">\n\t\t\t\t\t\t<section class=\"elementor-section elementor-top-section elementor-element elementor-element-154013f3 elementor-section-height-min-height elementor-section-items-bottom elementor-section-boxed elementor-section-height-default\" data-id=\"154013f3\" data-element_type=\"section\" data-e-type=\"section\" data-settings=\"{&quot;background_background&quot;:&quot;classic&quot;}\">\n\t\t\t\t\t\t\t<div class=\"elementor-background-overlay\"><\/div>\n\t\t\t\t\t\t\t<div class=\"elementor-container elementor-column-gap-wider\">\n\t\t\t\t\t<div class=\"elementor-column elementor-col-100 elementor-top-column elementor-element elementor-element-40f212e\" data-id=\"40f212e\" data-element_type=\"column\" data-e-type=\"column\">\n\t\t\t<div class=\"elementor-widget-wrap\">\n\t\t\t\t\t\t\t<\/div>\n\t\t<\/div>\n\t\t\t\t\t<\/div>\n\t\t<\/section>\n\t\t\t\t<section class=\"elementor-section elementor-top-section elementor-element elementor-element-b796205 elementor-section-boxed elementor-section-height-default elementor-section-height-default\" data-id=\"b796205\" data-element_type=\"section\" data-e-type=\"section\" data-settings=\"{&quot;background_background&quot;:&quot;classic&quot;}\">\n\t\t\t\t\t\t\t<div class=\"elementor-background-overlay\"><\/div>\n\t\t\t\t\t\t\t<div class=\"elementor-container elementor-column-gap-wider\">\n\t\t\t\t\t<div class=\"elementor-column elementor-col-100 elementor-top-column elementor-element elementor-element-8c73be4\" data-id=\"8c73be4\" data-element_type=\"column\" data-e-type=\"column\">\n\t\t\t<div class=\"elementor-widget-wrap elementor-element-populated\">\n\t\t\t\t\t\t<section class=\"elementor-section elementor-inner-section elementor-element elementor-element-63131fcd elementor-section-boxed elementor-section-height-default elementor-section-height-default\" data-id=\"63131fcd\" data-element_type=\"section\" data-e-type=\"section\">\n\t\t\t\t\t\t<div class=\"elementor-container elementor-column-gap-default\">\n\t\t\t\t\t<div class=\"elementor-column elementor-col-100 elementor-inner-column elementor-element elementor-element-1442d839\" data-id=\"1442d839\" data-element_type=\"column\" data-e-type=\"column\" data-settings=\"{&quot;background_background&quot;:&quot;classic&quot;}\">\n\t\t\t<div class=\"elementor-widget-wrap elementor-element-populated\">\n\t\t\t\t\t\t<div class=\"elementor-element elementor-element-56e348e7 elementor-widget elementor-widget-heading\" data-id=\"56e348e7\" data-element_type=\"widget\" data-e-type=\"widget\" data-widget_type=\"heading.default\">\n\t\t\t\t<div class=\"elementor-widget-container\">\n\t\t\t\t\t<h2 class=\"elementor-heading-title elementor-size-default\">C\u00d3DIGO DE \u00c9TICA<\/h2>\t\t\t\t<\/div>\n\t\t\t\t<\/div>\n\t\t\t\t<div class=\"elementor-element elementor-element-bb99ee1 elementor-widget elementor-widget-image\" data-id=\"bb99ee1\" data-element_type=\"widget\" data-e-type=\"widget\" data-widget_type=\"image.default\">\n\t\t\t\t<div class=\"elementor-widget-container\">\n\t\t\t\t\t\t\t\t\t\t\t\t\t\t\t<img fetchpriority=\"high\" decoding=\"async\" width=\"1024\" height=\"573\" src=\"https:\/\/campospontes.adv.br\/wp-content\/uploads\/2020\/05\/Untitled-1-logo-1-e1590586743975-1024x573.png\" class=\"attachment-large size-large wp-image-1538\" alt=\"\" srcset=\"https:\/\/campospontes.adv.br\/wp-content\/uploads\/2020\/05\/Untitled-1-logo-1-e1590586743975-1024x573.png 1024w, https:\/\/campospontes.adv.br\/wp-content\/uploads\/2020\/05\/Untitled-1-logo-1-e1590586743975-300x168.png 300w, https:\/\/campospontes.adv.br\/wp-content\/uploads\/2020\/05\/Untitled-1-logo-1-e1590586743975-768x430.png 768w, https:\/\/campospontes.adv.br\/wp-content\/uploads\/2020\/05\/Untitled-1-logo-1-e1590586743975.png 1080w\" sizes=\"(max-width: 1024px) 100vw, 1024px\" \/>\t\t\t\t\t\t\t\t\t\t\t\t\t\t\t<\/div>\n\t\t\t\t<\/div>\n\t\t\t\t<div class=\"elementor-element elementor-element-440d93df elementor-widget elementor-widget-text-editor\" data-id=\"440d93df\" data-element_type=\"widget\" data-e-type=\"widget\" data-widget_type=\"text-editor.default\">\n\t\t\t\t<div class=\"elementor-widget-container\">\n\t\t\t\t\t\t\t\t\t<p>As presentes diretrizes aplicam-se a todos os integrantes do Campos Pontes Advogados, sejam s\u00f3cios, associados, integrantes de corpo jur\u00eddico ou administrativo.<\/p><p><strong><u>\u00a0<\/u><\/strong><\/p><p>OBJECTIVE<\/p><p>Este C\u00f3digo de \u00c9tica e Conduta visa a evidenciar e refor\u00e7ar os valores \u00e9ticos, identidade organizacional e os princ\u00edpios que orientam o Campos Pontes Advogados no exerc\u00edcio da Advocacia.<\/p><p><strong><u>\u00a0<\/u><\/strong><\/p><p>O C\u00f3digo alinha-se \u00e0 miss\u00e3o, aos valores e \u00e0 vis\u00e3o do <strong>Campos Pontes Lawyers<\/strong>, e juntos refor\u00e7am a sua condi\u00e7\u00e3o \u00edmpar, comprometida com a inova\u00e7\u00e3o e excel\u00eancia.<\/p><p><strong><u>\u00a0<\/u><\/strong><\/p><p><strong><u>MISS\u00c3O <\/u><\/strong><\/p><p>Nossa miss\u00e3o \u00e9 praticar o direito e administrar a justi\u00e7a a todos, conforme preceitua Jeremias 22:3 \u201cAssim diz o Senhor: \u2018administrem a justi\u00e7a e o direito: livrem o explorado da m\u00e3o do seu opressor.\u201d<\/p><p><strong>\u00a0<\/strong><\/p><p><strong><u>VIS\u00c3O<\/u><\/strong><\/p><p>Nossa vis\u00e3o \u00e9 ser um escrit\u00f3rio juridicamente relevante, com corpo t\u00e9cnico altamente qualificado, reconhecido por sua excel\u00eancia e capacidade de apresentar solu\u00e7\u00f5es no mais diversos cen\u00e1rios com a efici\u00eancia de resultados positivos e ben\u00e9ficos.<\/p><p><strong>\u00a0<\/strong><\/p><p><strong><u>VALUES <\/u><\/strong><\/p><p>Somos comprometidos com a verdade, a lealdade, a transpar\u00eancia e a \u00e9tica. Agimos com integridade, responsabilidade, pro-atividade, criatividade, inova\u00e7\u00e3o e excel\u00eancia.<\/p><p>PRINC\u00cdPIOS INSTITUCIONAIS<\/p><p><strong>\u00a0<\/strong><\/p><p><strong>EXCEL\u00caNCIA:<\/strong><\/p><p><strong>\u00a0<\/strong><\/p><p>Busca constante de excel\u00eancia num ambiente em que o entusiasmo, respeito e comprometimento sejam contagiantes.<\/p><ol><li>Desempenhar as atribui\u00e7\u00f5es de sua fun\u00e7\u00e3o com elevado senso de comprometimento, responsabilidade e pro-atividade;<\/li><li>Exercer as fun\u00e7\u00f5es com precis\u00e3o e nos prazos requeridos;<\/li><li>Perform their activities always seeking to overcome challenges;<\/li><li>Buscar propostas inovadoras e de melhoria cont\u00ednua;<\/li><\/ol><p><strong><u>\u00a0<\/u><\/strong><\/p><p><strong>RESPECT<\/strong>:<\/p><p>Os destinat\u00e1rios deste C\u00f3digo devem respeitar o pr\u00f3ximo, manifestando boas pr\u00e1ticas morais e \u00e9ticas para a produ\u00e7\u00e3o e manuten\u00e7\u00e3o de uma atmosfera agrad\u00e1vel a todos. Por isso, \u00e9 indispens\u00e1vel:<\/p><ol><li>Respeitar o pr\u00f3ximo;<\/li><li>Amar o pr\u00f3ximo como a si mesmo;<\/li><li>Condemn aggressive or embarrassing attitudes;<\/li><\/ol><p><strong><u>\u00a0<\/u><\/strong><\/p><p><strong>\u00c9TICA<\/strong>:<\/p><p>Os destinat\u00e1rios deste C\u00f3digo devem considerar que a \u00e9tica \u00e9 um valor essencial, assim como a verdade e a transpar\u00eancia devem permear todas as rela\u00e7\u00f5es do escrit\u00f3rio, sejam elas internas ou externas. Assim, todo integrante, deve:<\/p><ol><li>Agir de forma \u00e9tica;<\/li><li>Repudiar qualquer forma de ass\u00e9dio;<\/li><li>Repudiar qualquer pr\u00e1tica fraudulenta ou de corrup\u00e7\u00e3o (suborno, tr\u00e1fico de influ\u00eancia, lavagem de dinheiro, oculta\u00e7\u00e3o de bens, vantagens indevidas e outros) ou de atos il\u00edcitos ou criminosos de toda ordem;<\/li><li>Condenar as condutas il\u00edcitas tais como falsifica\u00e7\u00e3o de documentos, evas\u00e3o fiscal, sonega\u00e7\u00e3o, dentre outras.<\/li><li>Abster-se de compartilhar, sob qualquer hip\u00f3tese informa\u00e7\u00f5es pessoais de clientes e colaboradores sem autoriza\u00e7\u00e3o pr\u00e9via.<\/li><\/ol><p><strong>\u00a0<\/strong><\/p><ul><li><strong>CRIT\u00c9RIOS DE CONDUTA<\/strong><\/li><\/ul><p><strong>TITULO &#8211;\u00a0 1.\u00a0 S\u00e3o crit\u00e9rios de conduta comuns a todos os colaboradores do Campos Pontes Advogados: \u00a0\u00a0<\/strong><\/p><p><strong>\u00a0<\/strong><\/p><p><strong>\u00a0<\/strong><\/p><p><strong>Art. 1\u00b0<\/strong> &#8211; Zelar pelo patrim\u00f4nio interno e os recursos materiais disponibilizados utilizando-os de forma correta, protegendo-os de danos, manuseio inadequado, perdas ou extravios;<\/p><p><strong>Art. 2\u00b0<\/strong> &#8211; Usar com cidadania e sem desperd\u00edcio os recursos como \u00e1gua, energia, papel e outros materiais de escrit\u00f3rio e de consumo agindo com responsabilidade socioambiental;<\/p><p><strong>Art. 3\u00ba<\/strong> &#8211; Obter pr\u00e9via autoriza\u00e7\u00e3o para se ausentar do trabalho, seja para tratar de assuntos pessoais ou para exercer algum tipo de atividade, remunerada ou n\u00e3o, mesmo n\u00e3o utilizando informa\u00e7\u00f5es e\/ ou recursos do escrit\u00f3rio.<\/p><p><strong>Art. 4\u00ba<\/strong> &#8211; Agir com a responsabilidade que o cargo lhe confere;<\/p><p><strong>Art. 5\u00ba<\/strong> &#8211; Guardar sigilo profissional acerca das quest\u00f5es jur\u00eddicas confiadas ao Campos Pontes Advogados, bem como, confidencialidade quanto \u00e0s informa\u00e7\u00f5es internas do pr\u00f3prio escrit\u00f3rio.<\/p><p><strong>Art. 6\u00ba<\/strong> &#8211; Promover a uni\u00e3o de esfor\u00e7os internos em prol dos interesses do escrit\u00f3rio, buscando compartilhar informa\u00e7\u00f5es e otimizar a\u00e7\u00f5es sempre que poss\u00edvel;<\/p><p><strong>\u00a0<\/strong><\/p><p><strong>Art. 7\u00ba<\/strong> &#8211; Respeitar o pr\u00f3ximo, sejam eles advogados parceiros, adversos, concorrentes, funcion\u00e1rios p\u00fablicos, magistrados e operadores do direito em geral.<\/p><p><strong>Art. 8\u00ba<\/strong> &#8211; Zelar por manter a sua reputa\u00e7\u00e3o pessoal e profissional ilibada, portando-se sempre com dignidade, respeito e urbanidade, buscando sempre seu aperfei\u00e7oamento t\u00e9cnico e cultural.<\/p><p><strong>\u00a0<\/strong><\/p><p><strong>\u00a0<\/strong><\/p><p><strong>\u00a0<\/strong><\/p><p><strong>TITULO \u2013 2.\u00a0 <\/strong>S\u00e3o crit\u00e9rios de conduta comuns a todos os colaboradores em rela\u00e7\u00e3o aos clientes:<\/p><p><strong>\u00a0<\/strong><\/p><p><strong>Art. 9\u00ba<\/strong> &#8211; Resguardar as informa\u00e7\u00f5es utilizadas e os resultados obtidos nos processos, protegendo-os de vazamentos indevidos e tratando-os com os padr\u00f5es de confidencialidade requeridos mais os estabelecidos quando da contrata\u00e7\u00e3o;<\/p><p><strong>Art. 10\u00ba<\/strong> &#8211; Informar com clareza quais as medidas cab\u00edveis, sejam elas Judiciais ou Extrajudiciais, bem como seus riscos, benef\u00edcios e consequ\u00eancias;<\/p><p><strong>\u00a0<\/strong><\/p><p><strong>Art. 11\u00ba<\/strong> &#8211; Prestar esclarecimento de d\u00favidas e fornecimento de relat\u00f3rios, recibos, pe\u00e7as processuais sempre que solicitadas pelo cliente.<\/p><p><strong>\u00a0<\/strong><\/p><p><strong>Art. 12\u00ba &#8211;<\/strong> Toda e qualquer informa\u00e7\u00e3o ou orienta\u00e7\u00e3o t\u00e9cnica deve, obrigatoriamente, ser feita por escrito, com a identifica\u00e7\u00e3o inequ\u00edvoca do subscritor.<\/p><p><strong>Art. 13\u00ba &#8211;<\/strong>\u00a0 No caso de viola\u00e7\u00e3o a este C\u00f3digo de \u00c9tica e Conduta as medidas cab\u00edveis ser\u00e3o tomadas pelos s\u00f3cios majorit\u00e1rios do Campos Pontes Advogados, cabendo a estes sancionar qualquer medida baseando-se no princ\u00edpio da razoabilidade.<\/p><p><strong>\u00a0<\/strong><\/p><p><strong>\u00a0<\/strong><\/p><p><strong>Disposi\u00e7\u00f5es Finais<\/strong><\/p><p>Os princ\u00edpios e crit\u00e9rios de conduta considerados no C\u00f3digo preveem todas as situa\u00e7\u00f5es que podem surgir no cotidiano de cada rela\u00e7\u00e3o. Em caso de omiss\u00e3o ou incerteza quanto as disposi\u00e7\u00f5es deste C\u00f3digo ser\u00e3o considerados os princ\u00edpios da Razoabilidade e Legalidade.<\/p><div>\u00a0<\/div><div id=\"icpbravoaccess_loaded\">\u00a0<\/div><div>\u00a0<\/div><div id=\"icpbravoaccess_loaded\">\u00a0<\/div><div>\u00a0<\/div><div id=\"icpbravoaccess_loaded\">\u00a0<\/div>\t\t\t\t\t\t\t\t<\/div>\n\t\t\t\t<\/div>\n\t\t\t\t\t<\/div>\n\t\t<\/div>\n\t\t\t\t\t<\/div>\n\t\t<\/section>\n\t\t\t\t\t<\/div>\n\t\t<\/div>\n\t\t\t\t\t<\/div>\n\t\t<\/section>\n\t\t\t\t<section class=\"elementor-section elementor-top-section elementor-element elementor-element-69d78ab8 elementor-section-height-min-height elementor-section-boxed elementor-section-height-default elementor-section-items-middle\" data-id=\"69d78ab8\" data-element_type=\"section\" data-e-type=\"section\" data-settings=\"{&quot;background_background&quot;:&quot;classic&quot;}\">\n\t\t\t\t\t\t\t<div class=\"elementor-background-overlay\"><\/div>\n\t\t\t\t\t\t\t<div class=\"elementor-container elementor-column-gap-default\">\n\t\t\t\t\t<div class=\"elementor-column elementor-col-100 elementor-top-column elementor-element elementor-element-2e827709\" data-id=\"2e827709\" data-element_type=\"column\" data-e-type=\"column\">\n\t\t\t<div class=\"elementor-widget-wrap elementor-element-populated\">\n\t\t\t\t\t\t<section class=\"elementor-section elementor-inner-section elementor-element elementor-element-679aa1f elementor-section-boxed elementor-section-height-default elementor-section-height-default\" data-id=\"679aa1f\" data-element_type=\"section\" data-e-type=\"section\">\n\t\t\t\t\t\t<div class=\"elementor-container elementor-column-gap-default\">\n\t\t\t\t\t<div class=\"elementor-column elementor-col-100 elementor-inner-column elementor-element elementor-element-3a3ea0c\" data-id=\"3a3ea0c\" data-element_type=\"column\" data-e-type=\"column\">\n\t\t\t<div class=\"elementor-widget-wrap elementor-element-populated\">\n\t\t\t\t\t\t<div class=\"elementor-element elementor-element-ecc4ae9 elementor-widget elementor-widget-heading\" data-id=\"ecc4ae9\" data-element_type=\"widget\" data-e-type=\"widget\" data-widget_type=\"heading.default\">\n\t\t\t\t<div class=\"elementor-widget-container\">\n\t\t\t\t\t<h2 class=\"elementor-heading-title elementor-size-default\">NOSSOS ESCRIT\u00d3RIOS<\/h2>\t\t\t\t<\/div>\n\t\t\t\t<\/div>\n\t\t\t\t<div class=\"elementor-element elementor-element-ea26490 elementor-widget-divider--view-line elementor-widget elementor-widget-divider\" data-id=\"ea26490\" data-element_type=\"widget\" data-e-type=\"widget\" data-widget_type=\"divider.default\">\n\t\t\t\t<div class=\"elementor-widget-container\">\n\t\t\t\t\t\t\t<div class=\"elementor-divider\">\n\t\t\t<span class=\"elementor-divider-separator\">\n\t\t\t\t\t\t<\/span>\n\t\t<\/div>\n\t\t\t\t\t\t<\/div>\n\t\t\t\t<\/div>\n\t\t\t\t\t<\/div>\n\t\t<\/div>\n\t\t\t\t\t<\/div>\n\t\t<\/section>\n\t\t\t\t<section class=\"elementor-section elementor-inner-section elementor-element elementor-element-ef45e42 elementor-section-boxed elementor-section-height-default elementor-section-height-default\" data-id=\"ef45e42\" data-element_type=\"section\" data-e-type=\"section\">\n\t\t\t\t\t\t<div class=\"elementor-container elementor-column-gap-default\">\n\t\t\t\t\t<div class=\"elementor-column elementor-col-100 elementor-inner-column elementor-element elementor-element-9f64e9f\" data-id=\"9f64e9f\" data-element_type=\"column\" data-e-type=\"column\">\n\t\t\t<div class=\"elementor-widget-wrap elementor-element-populated\">\n\t\t\t\t\t\t<div class=\"elementor-element elementor-element-db2e197 elementor-widget elementor-widget-heading\" data-id=\"db2e197\" data-element_type=\"widget\" data-e-type=\"widget\" data-widget_type=\"heading.default\">\n\t\t\t\t<div class=\"elementor-widget-container\">\n\t\t\t\t\t<h2 class=\"elementor-heading-title elementor-size-default\">Nossos escrit\u00f3rios ficam localizados em regi\u00f5es privilegiadas de Sorriso\/MT e Bras\u00edlia\/DF e estamos pronto a atend\u00ea-lo nos seguintes endere\u00e7os:<\/h2>\t\t\t\t<\/div>\n\t\t\t\t<\/div>\n\t\t\t\t\t<\/div>\n\t\t<\/div>\n\t\t\t\t\t<\/div>\n\t\t<\/section>\n\t\t\t\t<section class=\"elementor-section elementor-inner-section elementor-element elementor-element-43a13ac elementor-section-boxed elementor-section-height-default elementor-section-height-default\" data-id=\"43a13ac\" data-element_type=\"section\" data-e-type=\"section\">\n\t\t\t\t\t\t<div class=\"elementor-container elementor-column-gap-default\">\n\t\t\t\t\t<div class=\"elementor-column elementor-col-50 elementor-inner-column elementor-element elementor-element-ca1300e\" data-id=\"ca1300e\" data-element_type=\"column\" data-e-type=\"column\">\n\t\t\t<div class=\"elementor-widget-wrap elementor-element-populated\">\n\t\t\t\t\t\t<div class=\"elementor-element elementor-element-4c17b4c elementor-widget elementor-widget-heading\" data-id=\"4c17b4c\" data-element_type=\"widget\" data-e-type=\"widget\" data-widget_type=\"heading.default\">\n\t\t\t\t<div class=\"elementor-widget-container\">\n\t\t\t\t\t<h2 class=\"elementor-heading-title elementor-size-default\">Sorriso Headquarters \/ MT<\/h2>\t\t\t\t<\/div>\n\t\t\t\t<\/div>\n\t\t\t\t<div class=\"elementor-element elementor-element-4812231 elementor-widget elementor-widget-heading\" data-id=\"4812231\" data-element_type=\"widget\" data-e-type=\"widget\" data-widget_type=\"heading.default\">\n\t\t\t\t<div class=\"elementor-widget-container\">\n\t\t\t\t\t<h2 class=\"elementor-heading-title elementor-size-default\">Av. Blumenau, n\u00ba 2624, 1\u00ba andar, sala 110, Ed. Belfort, Centro, Sorriso\/MT, CEP 78.890-000.<\/h2>\t\t\t\t<\/div>\n\t\t\t\t<\/div>\n\t\t\t\t<div class=\"elementor-element elementor-element-1d6aae2 elementor-widget elementor-widget-google_maps\" data-id=\"1d6aae2\" data-element_type=\"widget\" data-e-type=\"widget\" data-widget_type=\"google_maps.default\">\n\t\t\t\t<div class=\"elementor-widget-container\">\n\t\t\t\t\t\t\t<div class=\"elementor-custom-embed\">\n\t\t\t<iframe loading=\"lazy\"\n\t\t\t\t\tsrc=\"https:\/\/maps.google.com\/maps?q=Av.%20Blumenau%2C%20n%C2%BA%202624%20sorriso&#038;t=m&#038;z=15&#038;output=embed&#038;iwloc=near\"\n\t\t\t\t\ttitle=\"Av. Blumenau, n\u00ba 2624 sorriso\"\n\t\t\t\t\taria-label=\"Av. Blumenau, n\u00ba 2624 sorriso\"\n\t\t\t><\/iframe>\n\t\t<\/div>\n\t\t\t\t\t\t<\/div>\n\t\t\t\t<\/div>\n\t\t\t\t\t<\/div>\n\t\t<\/div>\n\t\t\t\t<div class=\"elementor-column elementor-col-50 elementor-inner-column elementor-element elementor-element-7af236d\" data-id=\"7af236d\" data-element_type=\"column\" data-e-type=\"column\">\n\t\t\t<div class=\"elementor-widget-wrap elementor-element-populated\">\n\t\t\t\t\t\t<div class=\"elementor-element elementor-element-41c950f elementor-widget elementor-widget-heading\" data-id=\"41c950f\" data-element_type=\"widget\" data-e-type=\"widget\" data-widget_type=\"heading.default\">\n\t\t\t\t<div class=\"elementor-widget-container\">\n\t\t\t\t\t<h2 class=\"elementor-heading-title elementor-size-default\">Filial Bras\u00edlia\/DF<\/h2>\t\t\t\t<\/div>\n\t\t\t\t<\/div>\n\t\t\t\t<div class=\"elementor-element elementor-element-626821e elementor-widget elementor-widget-heading\" data-id=\"626821e\" data-element_type=\"widget\" data-e-type=\"widget\" data-widget_type=\"heading.default\">\n\t\t\t\t<div class=\"elementor-widget-container\">\n\t\t\t\t\t<h2 class=\"elementor-heading-title elementor-size-default\">Quadra 107, Rua A, Lote 04, 5\u00ba andar, sala 502, \u00c1guas Claras, Bras\u00edlia\/DF, CEP 71.920-710.\n<\/h2>\t\t\t\t<\/div>\n\t\t\t\t<\/div>\n\t\t\t\t<div class=\"elementor-element elementor-element-ad39056 elementor-widget elementor-widget-google_maps\" data-id=\"ad39056\" data-element_type=\"widget\" data-e-type=\"widget\" data-widget_type=\"google_maps.default\">\n\t\t\t\t<div class=\"elementor-widget-container\">\n\t\t\t\t\t\t\t<div class=\"elementor-custom-embed\">\n\t\t\t<iframe loading=\"lazy\"\n\t\t\t\t\tsrc=\"https:\/\/maps.google.com\/maps?q=Quadra%20107%2C%20Rua%20A%2C%20lote%2004%2C%20%C3%81guas%20Claras%2CBras%C3%ADlia%2FDF&#038;t=m&#038;z=15&#038;output=embed&#038;iwloc=near\"\n\t\t\t\t\ttitle=\"Quadra 107, Rua A, lote 04, \u00c1guas Claras,Bras\u00edlia\/DF\"\n\t\t\t\t\taria-label=\"Quadra 107, Rua A, lote 04, \u00c1guas Claras,Bras\u00edlia\/DF\"\n\t\t\t><\/iframe>\n\t\t<\/div>\n\t\t\t\t\t\t<\/div>\n\t\t\t\t<\/div>\n\t\t\t\t\t<\/div>\n\t\t<\/div>\n\t\t\t\t\t<\/div>\n\t\t<\/section>\n\t\t\t\t\t<\/div>\n\t\t<\/div>\n\t\t\t\t\t<\/div>\n\t\t<\/section>\n\t\t\t\t<\/div>","protected":false},"excerpt":{"rendered":"<p>C\u00d3DIGO DE \u00c9TICA As presentes diretrizes aplicam-se a todos os integrantes do Campos Pontes Advogados, sejam s\u00f3cios, associados, integrantes de corpo jur\u00eddico ou administrativo. \u00a0 OBJETIVO Este C\u00f3digo de \u00c9tica e Conduta visa a evidenciar e refor\u00e7ar os valores \u00e9ticos, identidade organizacional e os princ\u00edpios que orientam o Campos Pontes Advogados no exerc\u00edcio da Advocacia. [&hellip;]<\/p>\n","protected":false},"author":2,"featured_media":0,"parent":0,"menu_order":0,"comment_status":"closed","ping_status":"closed","template":"","meta":{"ocean_post_layout":"full-screen","ocean_both_sidebars_style":"","ocean_both_sidebars_content_width":0,"ocean_both_sidebars_sidebars_width":0,"ocean_sidebar":"0","ocean_second_sidebar":"0","ocean_disable_margins":"on","ocean_add_body_class":"","ocean_shortcode_before_top_bar":"","ocean_shortcode_after_top_bar":"","ocean_shortcode_before_header":"","ocean_shortcode_after_header":"","ocean_has_shortcode":"","ocean_shortcode_after_title":"","ocean_shortcode_before_footer_widgets":"","ocean_shortcode_after_footer_widgets":"","ocean_shortcode_before_footer_bottom":"","ocean_shortcode_after_footer_bottom":"","ocean_display_top_bar":"default","ocean_display_header":"default","ocean_header_style":"","ocean_center_header_left_menu":"0","ocean_custom_header_template":"0","ocean_custom_logo":0,"ocean_custom_retina_logo":0,"ocean_custom_logo_max_width":0,"ocean_custom_logo_tablet_max_width":0,"ocean_custom_logo_mobile_max_width":0,"ocean_custom_logo_max_height":0,"ocean_custom_logo_tablet_max_height":0,"ocean_custom_logo_mobile_max_height":0,"ocean_header_custom_menu":"0","ocean_menu_typo_font_family":"0","ocean_menu_typo_font_subset":"","ocean_menu_typo_font_size":0,"ocean_menu_typo_font_size_tablet":0,"ocean_menu_typo_font_size_mobile":0,"ocean_menu_typo_font_size_unit":"px","ocean_menu_typo_font_weight":"","ocean_menu_typo_font_weight_tablet":"","ocean_menu_typo_font_weight_mobile":"","ocean_menu_typo_transform":"","ocean_menu_typo_transform_tablet":"","ocean_menu_typo_transform_mobile":"","ocean_menu_typo_line_height":0,"ocean_menu_typo_line_height_tablet":0,"ocean_menu_typo_line_height_mobile":0,"ocean_menu_typo_line_height_unit":"","ocean_menu_typo_spacing":0,"ocean_menu_typo_spacing_tablet":0,"ocean_menu_typo_spacing_mobile":0,"ocean_menu_typo_spacing_unit":"","ocean_menu_link_color":"","ocean_menu_link_color_hover":"","ocean_menu_link_color_active":"","ocean_menu_link_background":"","ocean_menu_link_hover_background":"","ocean_menu_link_active_background":"","ocean_menu_social_links_bg":"","ocean_menu_social_hover_links_bg":"","ocean_menu_social_links_color":"","ocean_menu_social_hover_links_color":"","ocean_disable_title":"on","ocean_disable_heading":"default","ocean_post_title":"","ocean_post_subheading":"","ocean_post_title_style":"","ocean_post_title_background_color":"","ocean_post_title_background":0,"ocean_post_title_bg_image_position":"","ocean_post_title_bg_image_attachment":"","ocean_post_title_bg_image_repeat":"","ocean_post_title_bg_image_size":"","ocean_post_title_height":0,"ocean_post_title_bg_overlay":0.5,"ocean_post_title_bg_overlay_color":"","ocean_disable_breadcrumbs":"default","ocean_breadcrumbs_color":"","ocean_breadcrumbs_separator_color":"","ocean_breadcrumbs_links_color":"","ocean_breadcrumbs_links_hover_color":"","ocean_display_footer_widgets":"default","ocean_display_footer_bottom":"default","ocean_custom_footer_template":"0","footnotes":""},"class_list":["post-1829","page","type-page","status-publish","hentry","entry"],"_links":{"self":[{"href":"http:\/\/campospontes.adv.br\/en\/wp-json\/wp\/v2\/pages\/1829","targetHints":{"allow":["GET"]}}],"collection":[{"href":"http:\/\/campospontes.adv.br\/en\/wp-json\/wp\/v2\/pages"}],"about":[{"href":"http:\/\/campospontes.adv.br\/en\/wp-json\/wp\/v2\/types\/page"}],"author":[{"embeddable":true,"href":"http:\/\/campospontes.adv.br\/en\/wp-json\/wp\/v2\/users\/2"}],"replies":[{"embeddable":true,"href":"http:\/\/campospontes.adv.br\/en\/wp-json\/wp\/v2\/comments?post=1829"}],"version-history":[{"count":0,"href":"http:\/\/campospontes.adv.br\/en\/wp-json\/wp\/v2\/pages\/1829\/revisions"}],"wp:attachment":[{"href":"http:\/\/campospontes.adv.br\/en\/wp-json\/wp\/v2\/media?parent=1829"}],"curies":[{"name":"wp","href":"https:\/\/api.w.org\/{rel}","templated":true}]}}